

{"id":376,"date":"2019-08-22T15:20:52","date_gmt":"2019-08-22T13:20:52","guid":{"rendered":"http:\/\/www.ffcveterans.at\/web\/?page_id=376"},"modified":"2025-12-18T11:44:29","modified_gmt":"2025-12-18T10:44:29","slug":"sponsoren","status":"publish","type":"page","link":"https:\/\/www.ffcveterans.at\/web\/?page_id=376","title":{"rendered":"Sponsoren"},"content":{"rendered":"<p><span style=\"font-family: arial, helvetica, sans-serif;\">Der FFC Veterans St. Valentin bedankt sich bei folgenden Partnern und Sponsoren:<\/span><\/p>\n<table>\n<tbody>\n<tr style=\"background-color: #ffffff; border-color: #ffffff;\">\n<td><span style=\"font-family: arial, helvetica, sans-serif;\"><strong>Volksbank<\/strong> <strong>Nieder\u00f6sterreich&nbsp;<\/strong><\/span><\/td>\n<td><strong><span style=\"font-family: arial, helvetica, sans-serif;\">Sportland Nieder\u00f6sterreich<\/span><\/strong><\/td>\n<\/tr>\n<tr style=\"background-color: #ffffff; border-color: #ffffff;\">\n<td><span style=\"font-family: arial, helvetica, sans-serif;\"><strong><a href=\"http:\/\/www.vbnoe.at\" target=\"_blank\" rel=\"noopener noreferrer\"><img loading=\"lazy\" decoding=\"async\" class=\"alignnone size-medium wp-image-633\" src=\"https:\/\/www.ffcveterans.at\/web\/wp-content\/uploads\/2019\/11\/Logo_Volksbank_CMYK-300x49.jpg\" alt=\"\" width=\"300\" height=\"49\" srcset=\"https:\/\/www.ffcveterans.at\/web\/wp-content\/uploads\/2019\/11\/Logo_Volksbank_CMYK-300x49.jpg 300w, https:\/\/www.ffcveterans.at\/web\/wp-content\/uploads\/2019\/11\/Logo_Volksbank_CMYK-768x125.jpg 768w, https:\/\/www.ffcveterans.at\/web\/wp-content\/uploads\/2019\/11\/Logo_Volksbank_CMYK-1024x167.jpg 1024w\" sizes=\"auto, (max-width: 300px) 100vw, 300px\" \/><\/a><\/strong><\/span><\/td>\n<td><img loading=\"lazy\" decoding=\"async\" class=\"alignleft size-full wp-image-1905\" src=\"https:\/\/www.ffcveterans.at\/web\/wp-content\/uploads\/2025\/12\/image004.png\" alt=\"\" width=\"189\" height=\"73\"><\/td>\n<\/tr>\n<tr style=\"background-color: #ffffff; border-color: #ffffff;\">\n<td><span style=\"font-family: arial, helvetica, sans-serif;\"><strong>Gr\u00fcnsteidl Versicherungsmakler GmbH<\/strong><\/span><\/td>\n<td><span style=\"font-family: arial, helvetica, sans-serif;\"><span style=\"font-size: 12pt;\"><strong>STALLTECHNIK ING. BR\u00c4UER GMBH <\/strong>&#8211; Dressensponsor<\/span><\/span><\/td>\n<\/tr>\n<tr style=\"background-color: #ffffff; border-color: #ffffff;\">\n<td><a href=\"https:\/\/www.gruensteidl.at\/de\/index.html\" target=\"_blank\" rel=\"noopener noreferrer\"><img loading=\"lazy\" decoding=\"async\" class=\"size-medium wp-image-600 alignleft\" src=\"https:\/\/www.ffcveterans.at\/web\/wp-content\/uploads\/2019\/10\/gru-logo-adresse-300x79.jpg\" alt=\"\" width=\"300\" height=\"79\" srcset=\"https:\/\/www.ffcveterans.at\/web\/wp-content\/uploads\/2019\/10\/gru-logo-adresse-300x79.jpg 300w, https:\/\/www.ffcveterans.at\/web\/wp-content\/uploads\/2019\/10\/gru-logo-adresse-768x201.jpg 768w, https:\/\/www.ffcveterans.at\/web\/wp-content\/uploads\/2019\/10\/gru-logo-adresse-1024x268.jpg 1024w\" sizes=\"auto, (max-width: 300px) 100vw, 300px\" \/><\/a><\/td>\n<td>&nbsp;<\/p>\n<p><a href=\"http:\/\/www.braeuer.cc\" target=\"_blank\" rel=\"noopener noreferrer\"><img loading=\"lazy\" decoding=\"async\" class=\"size-medium wp-image-602 alignleft\" src=\"https:\/\/www.ffcveterans.at\/web\/wp-content\/uploads\/2019\/10\/logo-br\u00e4uer-stalltechnik-mit-adresszeile-300x96.jpg\" alt=\"\" width=\"300\" height=\"96\" srcset=\"https:\/\/www.ffcveterans.at\/web\/wp-content\/uploads\/2019\/10\/logo-br\u00e4uer-stalltechnik-mit-adresszeile-300x96.jpg 300w, https:\/\/www.ffcveterans.at\/web\/wp-content\/uploads\/2019\/10\/logo-br\u00e4uer-stalltechnik-mit-adresszeile-768x246.jpg 768w, https:\/\/www.ffcveterans.at\/web\/wp-content\/uploads\/2019\/10\/logo-br\u00e4uer-stalltechnik-mit-adresszeile-1024x329.jpg 1024w, https:\/\/www.ffcveterans.at\/web\/wp-content\/uploads\/2019\/10\/logo-br\u00e4uer-stalltechnik-mit-adresszeile.jpg 1904w\" sizes=\"auto, (max-width: 300px) 100vw, 300px\" \/><\/a><\/td>\n<\/tr>\n<tr style=\"background-color: #ffffff; border-color: #ffffff;\">\n<td><span style=\"font-family: arial, helvetica, sans-serif;\"><strong><strong style=\"font-family: arial, helvetica, sans-serif;\">Machsport <\/strong><\/strong>&#8211; Ausr\u00fcstungspartner<\/span><\/td>\n<td><span style=\"font-family: arial, helvetica, sans-serif;\"><span style=\"font-size: 12pt;\"><strong>Gasthof und Hotel Pillgrab<\/strong>&nbsp;&#8211; Gastronomiepartner<\/span><\/span><\/td>\n<\/tr>\n<tr style=\"background-color: #ffffff; border-color: #ffffff;\">\n<td><img loading=\"lazy\" decoding=\"async\" class=\"alignnone size-medium wp-image-1318\" src=\"https:\/\/www.ffcveterans.at\/web\/wp-content\/uploads\/2021\/12\/Machsport_Logo_zweizeilig_schwarz-300x109.jpg\" alt=\"\" width=\"300\" height=\"109\" srcset=\"https:\/\/www.ffcveterans.at\/web\/wp-content\/uploads\/2021\/12\/Machsport_Logo_zweizeilig_schwarz-300x109.jpg 300w, https:\/\/www.ffcveterans.at\/web\/wp-content\/uploads\/2021\/12\/Machsport_Logo_zweizeilig_schwarz-768x278.jpg 768w, https:\/\/www.ffcveterans.at\/web\/wp-content\/uploads\/2021\/12\/Machsport_Logo_zweizeilig_schwarz-1024x371.jpg 1024w, https:\/\/www.ffcveterans.at\/web\/wp-content\/uploads\/2021\/12\/Machsport_Logo_zweizeilig_schwarz.jpg 1772w\" sizes=\"auto, (max-width: 300px) 100vw, 300px\" \/><\/td>\n<td><a href=\"http:\/\/www.pillgrab.at\" target=\"_blank\" rel=\"noopener noreferrer\"><img loading=\"lazy\" decoding=\"async\" class=\"size-medium wp-image-572 alignleft\" src=\"https:\/\/www.ffcveterans.at\/web\/wp-content\/uploads\/2019\/09\/logo_pillgrab-300x300.jpg\" alt=\"\" width=\"300\" height=\"300\" srcset=\"https:\/\/www.ffcveterans.at\/web\/wp-content\/uploads\/2019\/09\/logo_pillgrab-300x300.jpg 300w, https:\/\/www.ffcveterans.at\/web\/wp-content\/uploads\/2019\/09\/logo_pillgrab-150x150.jpg 150w, https:\/\/www.ffcveterans.at\/web\/wp-content\/uploads\/2019\/09\/logo_pillgrab-768x768.jpg 768w, https:\/\/www.ffcveterans.at\/web\/wp-content\/uploads\/2019\/09\/logo_pillgrab.jpg 1000w\" sizes=\"auto, (max-width: 300px) 100vw, 300px\" \/><\/a><\/td>\n<\/tr>\n<\/tbody>\n<\/table>\n<p><span style=\"font-family: arial, helvetica, sans-serif;\">Sowie bei den zahlreichen Unterst\u00fctzern des Veterans <\/span><span style=\"text-decoration: underline;\"><strong><span style=\"font-family: arial, helvetica, sans-serif;\">ValenTEAM 43!<\/span><\/strong><\/span><\/p>\n","protected":false},"excerpt":{"rendered":"<p>Der FFC Veterans St. Valentin bedankt sich bei folgenden Partnern und Sponsoren: Volksbank Nieder\u00f6sterreich&nbsp; Sportland Nieder\u00f6sterreich Gr\u00fcnsteidl Versicherungsmakler GmbH STALLTECHNIK ING. BR\u00c4UER GMBH &#8211; Dressensponsor &nbsp; Machsport &#8211; Ausr\u00fcstungspartner Gasthof und Hotel Pillgrab&nbsp;&#8211; Gastronomiepartner Sowie bei den zahlreichen Unterst\u00fctzern des Veterans ValenTEAM 43!<\/p>\n","protected":false},"author":2,"featured_media":0,"parent":400,"menu_order":0,"comment_status":"closed","ping_status":"closed","template":"","meta":{"ngg_post_thumbnail":0,"footnotes":""},"class_list":["post-376","page","type-page","status-publish","hentry"],"_links":{"self":[{"href":"https:\/\/www.ffcveterans.at\/web\/index.php?rest_route=\/wp\/v2\/pages\/376","targetHints":{"allow":["GET"]}}],"collection":[{"href":"https:\/\/www.ffcveterans.at\/web\/index.php?rest_route=\/wp\/v2\/pages"}],"about":[{"href":"https:\/\/www.ffcveterans.at\/web\/index.php?rest_route=\/wp\/v2\/types\/page"}],"author":[{"embeddable":true,"href":"https:\/\/www.ffcveterans.at\/web\/index.php?rest_route=\/wp\/v2\/users\/2"}],"replies":[{"embeddable":true,"href":"https:\/\/www.ffcveterans.at\/web\/index.php?rest_route=%2Fwp%2Fv2%2Fcomments&post=376"}],"version-history":[{"count":32,"href":"https:\/\/www.ffcveterans.at\/web\/index.php?rest_route=\/wp\/v2\/pages\/376\/revisions"}],"predecessor-version":[{"id":1906,"href":"https:\/\/www.ffcveterans.at\/web\/index.php?rest_route=\/wp\/v2\/pages\/376\/revisions\/1906"}],"up":[{"embeddable":true,"href":"https:\/\/www.ffcveterans.at\/web\/index.php?rest_route=\/wp\/v2\/pages\/400"}],"wp:attachment":[{"href":"https:\/\/www.ffcveterans.at\/web\/index.php?rest_route=%2Fwp%2Fv2%2Fmedia&parent=376"}],"curies":[{"name":"wp","href":"https:\/\/api.w.org\/{rel}","templated":true}]}}